{"id":1140,"date":"2022-04-28T13:50:39","date_gmt":"2022-04-28T11:50:39","guid":{"rendered":"https:\/\/mozuto.com\/kontakt\/"},"modified":"2026-04-22T00:14:34","modified_gmt":"2026-04-21T22:14:34","slug":"kontakt","status":"publish","type":"page","link":"https:\/\/mozuto.com\/pl\/kontakt\/","title":{"rendered":"Kontakt"},"content":{"rendered":"\n<div class=\"wp-block-stackable-columns alignfull stk-block-columns stk-block stk-2b0ea27 stk-block-background\" data-block-id=\"2b0ea27\"><style>.stk-2b0ea27 {background-color:var(--theme-palette-color-4, #111518) !important;padding-top:200px !important;padding-bottom:100px !important;margin-bottom:0px !important;}.stk-2b0ea27:before{background-color:var(--theme-palette-color-4, #111518) !important;}@media screen and (max-width:999px){.stk-2b0ea27 {padding-top:150px !important;}}<\/style><div class=\"stk-row stk-inner-blocks has-text-align-center stk-block-content stk-content-align stk-2b0ea27-column\">\n<div class=\"wp-block-stackable-column stk-block-column stk-column stk-block stk-7ac51ec\" data-v=\"4\" data-block-id=\"7ac51ec\"><style>.stk-7ac51ec-container{margin-top:0px !important;margin-right:0px !important;margin-bottom:0px !important;margin-left:0px !important;}<\/style><div class=\"stk-column-wrapper stk-block-column__content stk-container stk-7ac51ec-container stk--no-background stk--no-padding\"><div class=\"stk-block-content stk-inner-blocks stk-7ac51ec-inner-blocks\">\n\n\n\n<div class=\"wp-block-stackable-heading stk-block-heading stk-block-heading--v2 stk-block stk-b8fedda\" id=\"contact-us\" data-block-id=\"b8fedda\"><style>.stk-b8fedda {margin-bottom:0px !important;}.stk-b8fedda .stk-block-heading__text{font-size:60px !important;color:var(--theme-palette-color-8, #ffffff) !important;}@media screen and (max-width:999px){.stk-b8fedda .stk-block-heading__text{font-size:40px !important;}}<\/style><h2 class=\"stk-block-heading__text has-text-color has-palette-color-8-color\">Kontakt<\/h2><\/div>\n\n\n\n<div class=\"wp-block-stackable-spacer stk-block-spacer stk--no-padding stk-block stk-5233348\" data-block-id=\"5233348\"><style>.stk-5233348 {height:40px !important;}<\/style><\/div>\n<\/div><\/div><\/div>\n<\/div><\/div>\n\n\n\n<div class=\"wp-block-stackable-spacer stk-block-spacer stk--no-padding stk-block stk-749b3fc\" data-block-id=\"749b3fc\"><style>.stk-749b3fc {height:120px !important;}@media screen and (max-width:999px){.stk-749b3fc {height:80px !important;}}@media screen and (max-width:689px){.stk-749b3fc {height:60px !important;}}<\/style><\/div>\n\n\n\n<div class=\"wp-block-stackable-columns stk-block-columns stk-block stk-2a9a8f0\" data-block-id=\"2a9a8f0\"><style>.stk-2a9a8f0 {margin-bottom:0px !important;}.stk-2a9a8f0-column{--stk-column-gap:50px !important;row-gap:50px !important;}<\/style><div class=\"stk-row stk-inner-blocks stk-block-content stk-content-align stk-2a9a8f0-column\">\n<div class=\"wp-block-stackable-column stk-block-column stk-column stk-block stk-57d6bcf\" data-v=\"4\" data-block-id=\"57d6bcf\"><style>.stk-57d6bcf-container{margin-top:0px !important;margin-right:0px !important;margin-bottom:0px !important;margin-left:0px !important;}.stk-57d6bcf {align-self:center !important;}<\/style><div class=\"stk-column-wrapper stk-block-column__content stk-container stk-57d6bcf-container stk--no-background stk--no-padding\"><div class=\"has-text-align-center-mobile stk-block-content stk-inner-blocks stk-57d6bcf-inner-blocks\">\n<div class=\"wp-block-stackable-heading stk-block-heading stk-block-heading--v2 stk-block stk-ff390a0\" id=\"send-us-a-message\" data-block-id=\"ff390a0\"><style>.stk-ff390a0 {margin-bottom:5px !important;}@media screen and (max-width:999px){.stk-ff390a0 .stk-block-heading__text{font-size:25px !important;}}<\/style><h3 class=\"stk-block-heading__text\">Wy\u015blij nam wiadomo\u015b\u0107<\/h3><\/div>\n\n\n\n<div class=\"wp-block-stackable-text stk-block-text stk-block stk-109f4e8\" data-block-id=\"109f4e8\"><p class=\"stk-block-text__text\">Masz pytanie lub potrzebujesz pomocy?<br>Skontaktuj si\u0119 z nami, korzystaj\u0105c z poni\u017cszego formularza \u2014 odpowiemy tak szybko, jak to mo\u017cliwe.<\/p><\/div>\n\n\n\n<p>Je\u015bli Twoje zapytanie dotyczy zam\u00f3wienia, prosimy o podanie jego numeru, aby\u015bmy mogli szybciej pom\u00f3c.<\/p>\n\n\n<div class=\"wpforms-container wpforms-block wpforms-block-f6861ba1-09d0-4daa-99a0-8d47480a5382 wpforms-render-modern\" id=\"wpforms-1152\"><form id=\"wpforms-form-1152\" class=\"wpforms-validate wpforms-form wpforms-ajax-form\" data-formid=\"1152\" method=\"post\" enctype=\"multipart\/form-data\" action=\"\/pl\/wp-json\/wp\/v2\/pages\/1140\" data-token=\"4a204c86712a889e35ec6a52afbe6f92\" data-token-time=\"1777234085\"><noscript class=\"wpforms-error-noscript\">Aby wype\u0142ni\u0107 ten formularz, w\u0142\u0105cz obs\u0142ug\u0119 JavaScript w przegl\u0105darce.<\/noscript><div id=\"wpforms-error-noscript\" style=\"display: none;\">Aby wype\u0142ni\u0107 ten formularz, w\u0142\u0105cz obs\u0142ug\u0119 JavaScript w przegl\u0105darce.<\/div><div class=\"wpforms-field-container\"><div id=\"wpforms-1152-field_8-container\" class=\"wpforms-field wpforms-field-text\" data-field-id=\"8\"><label class=\"wpforms-field-label\" for=\"wpforms-1152-field_8\">Imi\u0119 <span class=\"wpforms-required-label\" aria-hidden=\"true\">*<\/span><\/label><input type=\"text\" id=\"wpforms-1152-field_8\" class=\"wpforms-field-large wpforms-field-required\" name=\"wpforms[fields][8]\" placeholder=\"Twoje imi\u0119 *\" aria-errormessage=\"wpforms-1152-field_8-error\" required><\/div><div id=\"wpforms-1152-field_1-container\" class=\"wpforms-field wpforms-field-email\" data-field-id=\"1\"><label class=\"wpforms-field-label\" for=\"wpforms-1152-field_1\">E-mail <span class=\"wpforms-required-label\" aria-hidden=\"true\">*<\/span><\/label><input type=\"email\" id=\"wpforms-1152-field_1\" class=\"wpforms-field-large wpforms-field-required\" name=\"wpforms[fields][1]\" placeholder=\"Tw\u00f3j e-mail *\" spellcheck=\"false\" aria-errormessage=\"wpforms-1152-field_1-error\" required><\/div><div id=\"wpforms-1152-field_7-container\" class=\"wpforms-field wpforms-field-text wpforms-first\" data-field-id=\"7\"><label class=\"wpforms-field-label\" for=\"wpforms-1152-field_7\">Temat <span class=\"wpforms-required-label\" aria-hidden=\"true\">*<\/span><\/label><input type=\"text\" id=\"wpforms-1152-field_7\" class=\"wpforms-field-large wpforms-field-required\" name=\"wpforms[fields][7]\" placeholder=\"Temat *\" aria-errormessage=\"wpforms-1152-field_7-error\" required><\/div><div id=\"wpforms-1152-field_2-container\" class=\"wpforms-field wpforms-field-textarea\" data-field-id=\"2\"><label class=\"wpforms-field-label\" for=\"wpforms-1152-field_2\">Wiadomo\u015b\u0107 <span class=\"wpforms-required-label\" aria-hidden=\"true\">*<\/span><\/label><textarea id=\"wpforms-1152-field_2\" class=\"wpforms-field-large wpforms-field-required\" name=\"wpforms[fields][2]\" placeholder=\"Tekst *\" aria-errormessage=\"wpforms-1152-field_2-error\" required><\/textarea><\/div><\/div><!-- .wpforms-field-container --><div class=\"wpforms-submit-container\" ><input type=\"hidden\" name=\"wpforms[id]\" value=\"1152\"><input type=\"hidden\" name=\"page_title\" value=\"\"><input type=\"hidden\" name=\"page_url\" value=\"https:\/\/mozuto.com\/pl\/wp-json\/wp\/v2\/pages\/1140\"><input type=\"hidden\" name=\"url_referer\" value=\"\"><button type=\"submit\" name=\"wpforms[submit]\" id=\"wpforms-submit-1152\" class=\"wpforms-submit\" data-alt-text=\"Wysy\u0142anie...\" data-submit-text=\"Wy\u015blij\" aria-live=\"assertive\" value=\"wpforms-submit\">Wy\u015blij<\/button><img loading=\"lazy\" decoding=\"async\" src=\"https:\/\/mozuto.com\/wp-content\/plugins\/wpforms-lite\/assets\/images\/submit-spin.svg\" class=\"wpforms-submit-spinner\" style=\"display: none;\" width=\"26\" height=\"26\" alt=\"Wczytywanie\"><\/div><\/form><\/div>  <!-- .wpforms-container -->\n\n\n<div style=\"height:35px\" aria-hidden=\"true\" class=\"wp-block-spacer\"><\/div>\n<\/div><\/div><\/div>\n<\/div><\/div>\n\n\n\n<div class=\"wp-block-group is-nowrap is-layout-flex wp-container-core-group-is-layout-6c531013 wp-block-group-is-layout-flex\">\n<blockquote class=\"wp-block-quote is-layout-flow wp-block-quote-is-layout-flow\">\n<p>Je\u015bli wolisz, mo\u017cesz r\u00f3wnie\u017c skontaktowa\u0107 si\u0119 z nami bezpo\u015brednio poprzez e-mail:<\/p>\n\n\n\n<div class=\"wp-block-stackable-text stk-block-text stk-block stk-4e684d1\" data-block-id=\"4e684d1\"><p class=\"stk-block-text__text\">\ud83d\udce7 Email: <a href=\"mailto:support@mozuto.com\">support@mozuto.com<\/a><br>\u23f1\ufe0f Zazwyczaj odpowiadamy w ci\u0105gu 24 godzin.<\/p><\/div>\n<\/blockquote>\n<\/div>\n\n\n\n<div style=\"height:35px\" aria-hidden=\"true\" class=\"wp-block-spacer\"><\/div>\n\n\n\n<p><\/p>\n","protected":false},"excerpt":{"rendered":"<p>Kontakt Wy\u015blij nam wiadomo\u015b\u0107 Masz pytanie lub potrzebujesz pomocy?Skontaktuj si\u0119 z nami, korzystaj\u0105c z poni\u017cszego formularza \u2014 odpowiemy tak szybko, jak to mo\u017cliwe. Je\u015bli Twoje zapytanie dotyczy zam\u00f3wienia, prosimy o podanie jego numeru, aby\u015bmy mogli szybciej pom\u00f3c. Je\u015bli wolisz, mo\u017cesz r\u00f3wnie\u017c skontaktowa\u0107 si\u0119 z nami bezpo\u015brednio poprzez e-mail: \ud83d\udce7 Email: support@mozuto.com\u23f1\ufe0f Zazwyczaj odpowiadamy w ci\u0105gu [&hellip;]<\/p>\n","protected":false},"author":1,"featured_media":0,"parent":0,"menu_order":0,"comment_status":"closed","ping_status":"closed","template":"","meta":{"footnotes":""},"class_list":["post-1140","page","type-page","status-publish","hentry"],"blocksy_meta":{"styles_descriptor":{"styles":{"desktop":"","tablet":"","mobile":""},"google_fonts":[],"version":6},"page_title_panel":"","has_hero_section":"disabled","123b9ca6cad2bcfa3dd32b62a317f3c1":"","hero_section":"type-1","hero_elements":[{"id":"custom_title","enabled":true,"heading_tag":"h1","title":"Home"},{"id":"custom_description","enabled":true,"description_visibility":{"desktop":true,"tablet":true,"mobile":false}},{"id":"custom_meta","enabled":false,"meta_elements":[{"id":"author","enabled":true,"label":"By","has_author_avatar":"yes","avatar_size":25},{"id":"post_date","enabled":true,"label":"On","date_format_source":"default","date_format":"M j, Y"},{"id":"updated_date","enabled":false,"label":"On","date_format_source":"default","date_format":"M j, Y"},{"id":"categories","enabled":false,"label":"In","style":"simple"},{"id":"comments","enabled":true}],"page_meta_elements":{"joined":true,"articles_count":true,"comments":true}},{"id":"breadcrumbs","enabled":false}],"3b101f04a534cb4ad67be1673a990037":"","hero_alignment1":"CT_CSS_SKIP_RULE","hero_margin":40,"hero_alignment2":"center","hero_vertical_alignment":"center","686f78cf61d271ab05e78c2238b825ee":"","hero_structure":"narrow","83eea080d773af3b516d4f00e9014429":"","page_title_bg_type":"featured_image","custom_hero_background":{"attachment_id":null},"page_title_image_size":"full","parallax":{"desktop":false,"tablet":false,"mobile":false},"408fd8c588ab7556d4c81dc2436e4112":"","hero_height":"250px","pageTitleFont":{"family":"Default","variation":"Default","size":"30px","line-height":"CT_CSS_SKIP_RULE","letter-spacing":"CT_CSS_SKIP_RULE","text-transform":"CT_CSS_SKIP_RULE","text-decoration":"CT_CSS_SKIP_RULE"},"pageTitleFontColor":{"default":{"color":"CT_CSS_SKIP_RULEDEFAULT"}},"pageMetaFont":{"family":"Default","variation":"n6","size":"12px","line-height":"1.3","letter-spacing":"CT_CSS_SKIP_RULE","text-transform":"uppercase","text-decoration":"CT_CSS_SKIP_RULE"},"pageMetaFontColor":{"default":{"color":"CT_CSS_SKIP_RULEDEFAULT"},"hover":{"color":"CT_CSS_SKIP_RULEDEFAULT"}},"page_meta_button_type_font_colors":{"default":{"color":"CT_CSS_SKIP_RULEDEFAULT"},"hover":{"color":"CT_CSS_SKIP_RULEDEFAULT"}},"page_meta_button_type_background_colors":{"default":{"color":"CT_CSS_SKIP_RULEDEFAULT"},"hover":{"color":"CT_CSS_SKIP_RULEDEFAULT"}},"pageExcerptFont":{"family":"Default","variation":"Default","size":"CT_CSS_SKIP_RULE","line-height":"CT_CSS_SKIP_RULE","letter-spacing":"CT_CSS_SKIP_RULE","text-transform":"CT_CSS_SKIP_RULE","text-decoration":"CT_CSS_SKIP_RULE"},"pageExcerptColor":{"default":{"color":"CT_CSS_SKIP_RULEDEFAULT"}},"breadcrumbsFont":{"family":"Default","variation":"Default","size":"CT_CSS_SKIP_RULE","line-height":"CT_CSS_SKIP_RULE","letter-spacing":"CT_CSS_SKIP_RULE","text-transform":"CT_CSS_SKIP_RULE","text-decoration":"CT_CSS_SKIP_RULE"},"breadcrumbsFontColor":{"default":{"color":"CT_CSS_SKIP_RULEDEFAULT"},"initial":{"color":"CT_CSS_SKIP_RULEDEFAULT"},"hover":{"color":"CT_CSS_SKIP_RULEDEFAULT"}},"pageTitleOverlay":{"background_type":"color","background_pattern":"type-1","background_image":{"attachment_id":null,"x":0,"y":0},"gradient":"linear-gradient(135deg,rgba(6,147,227,1) 0%,rgb(155,81,224) 100%)","background_repeat":"repeat","background_size":"auto","background_attachment":"scroll","patternColor":{"default":{"color":"#e5e7ea"}},"overlayColor":{"default":{"color":"CT_CSS_SKIP_RULE"}},"backgroundColor":{"default":{"color":"CT_CSS_SKIP_RULE"}}},"pageTitleBackground":{"background_type":"color","background_pattern":"type-1","background_image":{"attachment_id":null,"x":0,"y":0},"gradient":"linear-gradient(135deg,rgba(6,147,227,1) 0%,rgb(155,81,224) 100%)","background_repeat":"repeat","background_size":"auto","background_attachment":"scroll","patternColor":{"default":{"color":"#e5e7ea"}},"overlayColor":{"default":{"color":"CT_CSS_SKIP_RULE"}},"backgroundColor":{"default":{"color":"var(--theme-palette-color-6)"}}},"pageTitlePadding":{"top":"50px","bottom":"50px","left":"auto","right":"auto","linked":true},"f1566633c5adb4170f20133341314bff":"","page_structure_type":"default","68e77500b66a43a1c07aa638c221fd7e":"","content_style_source":"inherit","content_style":"wide","vertical_spacing_source":"custom","content_area_spacing":"none","background":{"background_type":"color","background_pattern":"type-1","background_image":{"attachment_id":null,"x":0,"y":0},"gradient":"linear-gradient(135deg,rgba(6,147,227,1) 0%,rgb(155,81,224) 100%)","background_repeat":"repeat","background_size":"auto","background_attachment":"scroll","patternColor":{"default":{"color":"#e5e7ea"}},"overlayColor":{"default":{"color":"CT_CSS_SKIP_RULE"}},"backgroundColor":{"default":{"color":"CT_CSS_SKIP_RULE"}}},"content_background":{"background_type":"color","background_pattern":"type-1","background_image":{"attachment_id":null,"x":0,"y":0},"gradient":"linear-gradient(135deg,rgba(6,147,227,1) 0%,rgb(155,81,224) 100%)","background_repeat":"repeat","background_size":"auto","background_attachment":"scroll","patternColor":{"default":{"color":"#e5e7ea"}},"overlayColor":{"default":{"color":"CT_CSS_SKIP_RULE"}},"backgroundColor":{"default":{"color":"var(--theme-palette-color-8)"}}},"content_boxed_shadow":{"inherit":false,"blur":18,"spread":-6,"v_offset":12,"h_offset":0,"inset":false,"enable":true,"color":{"color":"rgba(34, 56, 101, 0.04)"}},"boxed_content_spacing":{"desktop":{"top":"40px","bottom":"40px","left":"40px","right":"40px","linked":true},"tablet":{"top":"35px","bottom":"35px","left":"35px","right":"35px","linked":true},"mobile":{"top":"20px","bottom":"20px","left":"20px","right":"20px","linked":true}},"content_boxed_radius":{"top":"3px","bottom":"3px","left":"3px","right":"3px","linked":true},"a39442e9bdf318820b43c5d1f3d6bf32":"","disable_featured_image":"no","disable_share_box":"no","disable_header":"no","disable_footer":"no"},"_links":{"self":[{"href":"https:\/\/mozuto.com\/pl\/wp-json\/wp\/v2\/pages\/1140","targetHints":{"allow":["GET"]}}],"collection":[{"href":"https:\/\/mozuto.com\/pl\/wp-json\/wp\/v2\/pages"}],"about":[{"href":"https:\/\/mozuto.com\/pl\/wp-json\/wp\/v2\/types\/page"}],"author":[{"embeddable":true,"href":"https:\/\/mozuto.com\/pl\/wp-json\/wp\/v2\/users\/1"}],"replies":[{"embeddable":true,"href":"https:\/\/mozuto.com\/pl\/wp-json\/wp\/v2\/comments?post=1140"}],"version-history":[{"count":5,"href":"https:\/\/mozuto.com\/pl\/wp-json\/wp\/v2\/pages\/1140\/revisions"}],"predecessor-version":[{"id":1164,"href":"https:\/\/mozuto.com\/pl\/wp-json\/wp\/v2\/pages\/1140\/revisions\/1164"}],"wp:attachment":[{"href":"https:\/\/mozuto.com\/pl\/wp-json\/wp\/v2\/media?parent=1140"}],"curies":[{"name":"wp","href":"https:\/\/api.w.org\/{rel}","templated":true}]}}