{"id":1046,"date":"2026-04-18T13:06:52","date_gmt":"2026-04-18T13:06:52","guid":{"rendered":"https:\/\/mozuto.com\/product\/roblox-100-robux\/"},"modified":"2026-04-18T13:06:52","modified_gmt":"2026-04-18T11:06:52","slug":"roblox-100-robux","status":"publish","type":"product","link":"https:\/\/mozuto.com\/pl\/produkt\/roblox-100-robux\/","title":{"rendered":"Roblox &#8211; 100 Robux"},"content":{"rendered":"<p data-start=\"27\" data-end=\"86\"><strong data-start=\"27\" data-end=\"86\">Roblox \u2013 100 Robux Karta Podarunkowa<\/strong><\/p>\n<p data-start=\"88\" data-end=\"386\">Roblox \u2013 100 Robux to cyfrowy kod, kt\u00f3ry pozwala natychmiast do\u0142adowa\u0107 konto wirtualn\u0105 walut\u0105 Robux. Jest to oficjalna waluta u\u017cywana na platformie Roblox, dzi\u0119ki kt\u00f3rej mo\u017cesz ulepszy\u0107 rozgrywk\u0119, odblokowa\u0107 dodatkowe funkcje i w pe\u0142ni spersonalizowa\u0107 swoje do\u015bwiadczenie. <\/p>\n<p data-start=\"388\" data-end=\"527\">Po aktywacji kodu Robux zostanie automatycznie dodany do Twojego konta i b\u0119dzie gotowy do u\u017cycia od razu.<\/p>\n<hr data-start=\"529\" data-end=\"532\">\n<h2 data-section-id=\"11qe76v\" data-start=\"534\" data-end=\"571\">\ud83c\udfae Co mo\u017cesz zrobi\u0107 z kart\u0105 Roblox &#8211; 100 Robux?<\/h2>\n<p data-start=\"573\" data-end=\"593\">Dzi\u0119ki Robux mo\u017cesz:<\/p>\n<ul data-start=\"595\" data-end=\"849\">\n<li data-section-id=\"1lbgv19\" data-start=\"595\" data-end=\"656\">Kupowa\u0107 ubrania, akcesoria i elementy avatara<\/li>\n<li data-section-id=\"8mbo20\" data-start=\"657\" data-end=\"707\">Odblokowywa\u0107 premium content w grach<\/li>\n<li data-section-id=\"gnmkjk\" data-start=\"708\" data-end=\"750\">Uzyskiwa\u0107 dost\u0119p do p\u0142atnych gier i funkcji<\/li>\n<li data-section-id=\"10ysuwe\" data-start=\"751\" data-end=\"800\">Personalizowa\u0107 profil i posta\u0107<\/li>\n<li data-section-id=\"1nyfvti\" data-start=\"801\" data-end=\"849\">Wspiera\u0107 tw\u00f3rc\u00f3w poprzez zakup ich contentu<\/li>\n<\/ul>\n<hr data-start=\"851\" data-end=\"854\">\n<h2 data-section-id=\"pu83rr\" data-start=\"856\" data-end=\"873\">\u26a1 Najwa\u017cniejsze zalety<\/h2>\n<ul data-start=\"875\" data-end=\"1239\">\n<li data-section-id=\"qqof3u\" data-start=\"875\" data-end=\"954\"><strong data-start=\"877\" data-end=\"897\">Natychmiastowa dostawa<\/strong> \u2013 kod otrzymasz od razu po zakupie<\/li>\n<li data-section-id=\"3x8g03\" data-start=\"955\" data-end=\"1031\"><strong data-start=\"957\" data-end=\"976\">Szybka aktywacja<\/strong> \u2013 prosty proces realizacji kodu<\/li>\n<li data-section-id=\"1gozhkb\" data-start=\"1032\" data-end=\"1096\"><strong data-start=\"1034\" data-end=\"1051\">Bezpieczne do\u0142adowanie<\/strong> \u2013 bez potrzeby podawania karty w grze<\/li>\n<li data-section-id=\"1pql92g\" data-start=\"1097\" data-end=\"1162\"><strong data-start=\"1099\" data-end=\"1120\">Oficjalna waluta Roblox <\/strong>\u2013 pe\u0142na kompatybilno\u015b\u0107 z platform\u0105<\/li>\n<li data-section-id=\"1f9ewb7\" data-start=\"1163\" data-end=\"1239\"><strong data-start=\"1165\" data-end=\"1181\">Uniwersalne zastosowanie<\/strong> \u2013 wykorzystasz w tysi\u0105cach gier<\/li>\n<\/ul>\n<hr data-start=\"1241\" data-end=\"1244\">\n<h2 data-section-id=\"1vxwzus\" data-start=\"1246\" data-end=\"1274\">\ud83c\udf0d Region i kompatybilno\u015b\u0107<\/h2>\n<p data-start=\"1276\" data-end=\"1461\">Kod Roblox \u2013 100 Robux dzia\u0142a <strong>Globalnie<\/strong>, co oznacza, \u017ce dzia\u0142a na <strong>wszystkich kontach<\/strong> niezale\u017cnie od regionu.<\/p>\n<hr data-start=\"1463\" data-end=\"1466\">\n<h2 data-section-id=\"1iefs8v\" data-start=\"1468\" data-end=\"1487\">\ud83d\udcf2 Jak wykorzysta\u0107 kod?<\/h2>\n<ol data-start=\"1489\" data-end=\"1661\">\n<li data-section-id=\"ze81hy\" data-start=\"1489\" data-end=\"1523\"><a href=\"https:\/\/www.roblox.com\" target=\"_blank\" rel=\"noopener\">Zaloguj si\u0119<\/a> na swoje konto Roblox<\/li>\n<li data-section-id=\"1btovsr\" data-start=\"1524\" data-end=\"1566\">Przejd\u017a na oficjaln\u0105 stron\u0119 realizacji kod\u00f3w Roblox<\/li>\n<li data-section-id=\"xlnx4c\" data-start=\"1567\" data-end=\"1587\">Wpisz otrzymany kod<\/li>\n<li data-section-id=\"ewpumy\" data-start=\"1588\" data-end=\"1611\">Potwierd\u017a aktywacj\u0119<\/li>\n<li data-section-id=\"yehmmx\" data-start=\"1612\" data-end=\"1661\">Saldo Robux zostanie zaktualizowane natychmiast.<\/li>\n<\/ol>\n<p><a href=\"https:\/\/www.roblox.com\/redeem\" target=\"_blank\" rel=\"noopener\">Strona do realizacji kod\u00f3w Roblox<\/a><\/p>\n<hr data-start=\"1663\" data-end=\"1666\">\n<h2 data-section-id=\"dfmzku\" data-start=\"1668\" data-end=\"1695\">\ud83d\udccc Wa\u017cne informacje<\/h2>\n<ul data-start=\"1697\" data-end=\"1919\">\n<li data-section-id=\"jkp0bg\" data-start=\"1697\" data-end=\"1765\"><strong data-start=\"1709\" data-end=\"1728\">Produkt cyfrowy<\/strong> \u2013 brak wysy\u0142ki fizycznej<\/li>\n<li data-section-id=\"1rxveon\" data-start=\"1766\" data-end=\"1822\">Kod dostarczany automatycznie po op\u0142aceniu zam\u00f3wienia<\/li>\n<li data-section-id=\"1gudfh2\" data-start=\"1823\" data-end=\"1855\">Brak mo\u017cliwo\u015bci zwrotu po aktywacji<\/li>\n<li data-section-id=\"8czcsd\" data-start=\"1856\" data-end=\"1919\">Upewnij si\u0119, \u017ce Twoje konto obs\u0142uguje ten typ kodu<\/li>\n<\/ul>\n<p><a href=\"https:\/\/mozuto.com\/pl\/product-category\/roblox\/\" target=\"_blank\" rel=\"noopener\">Sprawd\u017a tak\u017ce inne karty podarunkowe Roblox dost\u0119pne w naszej ofercie i wybierz nomina\u0142 dopasowany do swoich potrzeb.<\/a><\/p>\n","protected":false},"excerpt":{"rendered":"<p>Kod dzia\u0142a na <strong>wszystkich kontach.<\/strong><\/p>\n","protected":false},"featured_media":1019,"template":"","meta":[],"product_brand":[],"product_cat":[60],"product_tag":[],"class_list":{"0":"post-1046","1":"product","2":"type-product","3":"status-publish","4":"has-post-thumbnail","6":"product_cat-roblox","8":"first","9":"instock","10":"virtual","11":"purchasable","12":"product-type-simple"},"_links":{"self":[{"href":"https:\/\/mozuto.com\/pl\/wp-json\/wp\/v2\/product\/1046","targetHints":{"allow":["GET"]}}],"collection":[{"href":"https:\/\/mozuto.com\/pl\/wp-json\/wp\/v2\/product"}],"about":[{"href":"https:\/\/mozuto.com\/pl\/wp-json\/wp\/v2\/types\/product"}],"wp:featuredmedia":[{"embeddable":true,"href":"https:\/\/mozuto.com\/pl\/wp-json\/wp\/v2\/media\/1019"}],"wp:attachment":[{"href":"https:\/\/mozuto.com\/pl\/wp-json\/wp\/v2\/media?parent=1046"}],"wp:term":[{"taxonomy":"product_brand","embeddable":true,"href":"https:\/\/mozuto.com\/pl\/wp-json\/wp\/v2\/product_brand?post=1046"},{"taxonomy":"product_cat","embeddable":true,"href":"https:\/\/mozuto.com\/pl\/wp-json\/wp\/v2\/product_cat?post=1046"},{"taxonomy":"product_tag","embeddable":true,"href":"https:\/\/mozuto.com\/pl\/wp-json\/wp\/v2\/product_tag?post=1046"}],"curies":[{"name":"wp","href":"https:\/\/api.w.org\/{rel}","templated":true}]}}